{"id":642,"date":"2026-03-31T17:58:58","date_gmt":"2026-03-31T15:58:58","guid":{"rendered":"https:\/\/revalorizatuvivienda.com\/?page_id=642"},"modified":"2026-03-31T18:05:14","modified_gmt":"2026-03-31T16:05:14","slug":"servicios-hoteles","status":"publish","type":"page","link":"https:\/\/revalorizatuvivienda.com\/index.php\/servicios-hoteles\/","title":{"rendered":"Servicios hoteles"},"content":{"rendered":"\t\t<div data-elementor-type=\"wp-page\" data-elementor-id=\"642\" class=\"elementor elementor-642\" data-elementor-post-type=\"page\">\n\t\t\t\t<div class=\"elementor-element elementor-element-f7ae7fb e-flex e-con-boxed e-con e-parent\" data-id=\"f7ae7fb\" data-element_type=\"container\">\n\t\t\t\t\t<div class=\"e-con-inner\">\n\t\t\t\t<div class=\"elementor-element elementor-element-b629b2b elementor-widget elementor-widget-heading\" data-id=\"b629b2b\" data-element_type=\"widget\" data-widget_type=\"heading.default\">\n\t\t\t\t<div class=\"elementor-widget-container\">\n\t\t\t\t\t<h2 class=\"elementor-heading-title elementor-size-default\">\u00a1ATENCI\u00d3N HOTELES, APARTAMENTOS, RESORTS, CASAS RURALES, CLIENTES DE BOOKING.COM!<\/h2>\t\t\t\t<\/div>\n\t\t\t\t<\/div>\n\t\t\t\t\t<\/div>\n\t\t\t\t<\/div>\n\t\t<div class=\"elementor-element elementor-element-157753a e-flex e-con-boxed e-con e-parent\" data-id=\"157753a\" data-element_type=\"container\">\n\t\t\t\t\t<div class=\"e-con-inner\">\n\t\t<div class=\"elementor-element elementor-element-cc12dd2 e-con-full e-flex e-con e-child\" data-id=\"cc12dd2\" data-element_type=\"container\">\n\t\t\t\t<div class=\"elementor-element elementor-element-01bf16e elementor-widget elementor-widget-text-editor\" data-id=\"01bf16e\" data-element_type=\"widget\" data-widget_type=\"text-editor.default\">\n\t\t\t\t<div class=\"elementor-widget-container\">\n\t\t\t\t\t\t\t\t\t<p>Descubra cu\u00e1nto le debe realmente Booking.com, conforme a la jurisprudencia europea<\/p><p>En nuestro despacho, contamos con peritos economistas especializados que analizar\u00e1n su caso y calcular\u00e1n con precisi\u00f3n el importe que podr\u00eda reclamar.<br \/>Y lo hacemos de forma totalmente gratuita, sin recurrir a estimaciones gen\u00e9ricas ni a simples calculadoras online.<\/p><p>Una vez tenga toda la informaci\u00f3n, usted decide si desea iniciar la reclamaci\u00f3n, sin compromiso alguno.<\/p><p>Trabajar con nosotros significa optar por un servicio:<br \/>\u2714 M\u00e1s exacto<br \/>\u2714 M\u00e1s sencillo<br \/>\u2714 M\u00e1s econ\u00f3mico<br \/>\u2714 M\u00e1s seguro<\/p><p>Adem\u00e1s, mejoramos cualquier oferta previa que haya recibido.<\/p><p>Nuestro equipo est\u00e1 formado por peritos economistas de reconocido prestigio, con amplia experiencia en este tipo de procedimientos.<\/p><p>Cont\u00e1ctenos y le informaremos detalladamente, sin compromiso.<\/p>\t\t\t\t\t\t\t\t<\/div>\n\t\t\t\t<\/div>\n\t\t\t\t<\/div>\n\t\t<div class=\"elementor-element elementor-element-ab5921e e-con-full e-flex e-con e-child\" data-id=\"ab5921e\" data-element_type=\"container\">\n\t\t\t\t<div class=\"elementor-element elementor-element-06f7fe6 elementor-widget elementor-widget-image\" data-id=\"06f7fe6\" data-element_type=\"widget\" data-widget_type=\"image.default\">\n\t\t\t\t<div class=\"elementor-widget-container\">\n\t\t\t\t\t\t\t\t\t\t\t\t\t\t\t<img fetchpriority=\"high\" decoding=\"async\" width=\"683\" height=\"1024\" src=\"https:\/\/revalorizatuvivienda.com\/wp-content\/uploads\/2026\/03\/ABOGADOS-REVALORIZA-TU-VIVIENDA-HOTELES-683x1024.png\" class=\"attachment-large size-large wp-image-651\" alt=\"\" srcset=\"https:\/\/revalorizatuvivienda.com\/wp-content\/uploads\/2026\/03\/ABOGADOS-REVALORIZA-TU-VIVIENDA-HOTELES-683x1024.png 683w, https:\/\/revalorizatuvivienda.com\/wp-content\/uploads\/2026\/03\/ABOGADOS-REVALORIZA-TU-VIVIENDA-HOTELES-200x300.png 200w, https:\/\/revalorizatuvivienda.com\/wp-content\/uploads\/2026\/03\/ABOGADOS-REVALORIZA-TU-VIVIENDA-HOTELES-768x1152.png 768w, https:\/\/revalorizatuvivienda.com\/wp-content\/uploads\/2026\/03\/ABOGADOS-REVALORIZA-TU-VIVIENDA-HOTELES.png 1024w\" sizes=\"(max-width: 683px) 100vw, 683px\" \/>\t\t\t\t\t\t\t\t\t\t\t\t\t\t\t<\/div>\n\t\t\t\t<\/div>\n\t\t\t\t<\/div>\n\t\t\t\t\t<\/div>\n\t\t\t\t<\/div>\n\t\t\t\t<\/div>\n\t\t","protected":false},"excerpt":{"rendered":"<p>\u00a1ATENCI\u00d3N HOTELES, APARTAMENTOS, RESORTS, CASAS RURALES, CLIENTES DE BOOKING.COM! Descubra cu\u00e1nto le debe realmente Booking.com, conforme a la jurisprudencia europea En nuestro despacho, contamos con peritos economistas especializados que analizar\u00e1n su caso y calcular\u00e1n con precisi\u00f3n el importe que podr\u00eda reclamar.Y lo hacemos de forma totalmente gratuita, sin recurrir a estimaciones gen\u00e9ricas ni a simples [&hellip;]<\/p>\n","protected":false},"author":1,"featured_media":0,"parent":0,"menu_order":0,"comment_status":"closed","ping_status":"closed","template":"elementor_header_footer","meta":{"footnotes":""},"class_list":["post-642","page","type-page","status-publish","hentry"],"_links":{"self":[{"href":"https:\/\/revalorizatuvivienda.com\/index.php\/wp-json\/wp\/v2\/pages\/642","targetHints":{"allow":["GET"]}}],"collection":[{"href":"https:\/\/revalorizatuvivienda.com\/index.php\/wp-json\/wp\/v2\/pages"}],"about":[{"href":"https:\/\/revalorizatuvivienda.com\/index.php\/wp-json\/wp\/v2\/types\/page"}],"author":[{"embeddable":true,"href":"https:\/\/revalorizatuvivienda.com\/index.php\/wp-json\/wp\/v2\/users\/1"}],"replies":[{"embeddable":true,"href":"https:\/\/revalorizatuvivienda.com\/index.php\/wp-json\/wp\/v2\/comments?post=642"}],"version-history":[{"count":11,"href":"https:\/\/revalorizatuvivienda.com\/index.php\/wp-json\/wp\/v2\/pages\/642\/revisions"}],"predecessor-version":[{"id":654,"href":"https:\/\/revalorizatuvivienda.com\/index.php\/wp-json\/wp\/v2\/pages\/642\/revisions\/654"}],"wp:attachment":[{"href":"https:\/\/revalorizatuvivienda.com\/index.php\/wp-json\/wp\/v2\/media?parent=642"}],"curies":[{"name":"wp","href":"https:\/\/api.w.org\/{rel}","templated":true}]}}