{"id":524,"date":"2024-09-25T17:46:36","date_gmt":"2024-09-25T15:46:36","guid":{"rendered":"https:\/\/revalorizatuvivienda.com\/?page_id=524"},"modified":"2024-10-14T16:21:58","modified_gmt":"2024-10-14T14:21:58","slug":"productos","status":"publish","type":"page","link":"https:\/\/revalorizatuvivienda.com\/index.php\/productos\/","title":{"rendered":"Productos"},"content":{"rendered":"\t\t<div data-elementor-type=\"wp-page\" data-elementor-id=\"524\" class=\"elementor elementor-524\" data-elementor-post-type=\"page\">\n\t\t\t\t<div class=\"elementor-element elementor-element-9676bf1 e-flex e-con-boxed e-con e-parent\" data-id=\"9676bf1\" data-element_type=\"container\">\n\t\t\t\t\t<div class=\"e-con-inner\">\n\t\t\t\t<div class=\"elementor-element elementor-element-2e820186 elementor-widget elementor-widget-heading\" data-id=\"2e820186\" data-element_type=\"widget\" data-widget_type=\"heading.default\">\n\t\t\t\t<div class=\"elementor-widget-container\">\n\t\t\t\t\t<h1 class=\"elementor-heading-title elementor-size-default\">Productos <\/h1>\t\t\t\t<\/div>\n\t\t\t\t<\/div>\n\t\t\t\t<div class=\"elementor-element elementor-element-76b5d54f elementor-widget elementor-widget-text-editor\" data-id=\"76b5d54f\" data-element_type=\"widget\" data-widget_type=\"text-editor.default\">\n\t\t\t\t<div class=\"elementor-widget-container\">\n\t\t\t\t\t\t\t\t\t\u00bfNo sabes por d\u00f3nde empezar? Descubre nuestra gama de productos y dale vida a tus proyectos.\n\n\n\n\n\n\n\t\t\t\t\t\t\t\t<\/div>\n\t\t\t\t<\/div>\n\t\t\t\t\t<\/div>\n\t\t\t\t<\/div>\n\t\t<div class=\"elementor-element elementor-element-0d27cc4 e-flex e-con-boxed e-con e-parent\" data-id=\"0d27cc4\" data-element_type=\"container\">\n\t\t\t\t\t<div class=\"e-con-inner\">\n\t\t<div class=\"elementor-element elementor-element-1fe437f e-con-full e-flex e-con e-child\" data-id=\"1fe437f\" data-element_type=\"container\" data-settings=\"{&quot;background_background&quot;:&quot;classic&quot;}\">\n\t\t\t\t<div class=\"elementor-element elementor-element-3a91cdd elementor-widget elementor-widget-heading\" data-id=\"3a91cdd\" data-element_type=\"widget\" data-widget_type=\"heading.default\">\n\t\t\t\t<div class=\"elementor-widget-container\">\n\t\t\t\t\t<h2 class=\"elementor-heading-title elementor-size-default\">Instalaci\u00f3n de ventanas de alta eficiencia<\/h2>\t\t\t\t<\/div>\n\t\t\t\t<\/div>\n\t\t\t\t<div class=\"elementor-element elementor-element-6686712 elementor-widget elementor-widget-text-editor\" data-id=\"6686712\" data-element_type=\"widget\" data-widget_type=\"text-editor.default\">\n\t\t\t\t<div class=\"elementor-widget-container\">\n\t\t\t\t\t\t\t\t\tMant\u00e9n la temperatura ideal en tu hogar durante todo el a\u00f1o con nuestras ventanas de doble o triple acristalamiento. Ahorra energ\u00eda y disfruta de un ambiente m\u00e1s confortable.\t\t\t\t\t\t\t\t<\/div>\n\t\t\t\t<\/div>\n\t\t\t\t<\/div>\n\t\t<div class=\"elementor-element elementor-element-258d4df e-con-full e-flex e-con e-child\" data-id=\"258d4df\" data-element_type=\"container\" data-settings=\"{&quot;background_background&quot;:&quot;classic&quot;}\">\n\t\t\t\t<div class=\"elementor-element elementor-element-9655c54 elementor-widget elementor-widget-heading\" data-id=\"9655c54\" data-element_type=\"widget\" data-widget_type=\"heading.default\">\n\t\t\t\t<div class=\"elementor-widget-container\">\n\t\t\t\t\t<h2 class=\"elementor-heading-title elementor-size-default\">Montaje de pladur aislante<\/h2>\t\t\t\t<\/div>\n\t\t\t\t<\/div>\n\t\t\t\t<div class=\"elementor-element elementor-element-c01b74e elementor-widget elementor-widget-text-editor\" data-id=\"c01b74e\" data-element_type=\"widget\" data-widget_type=\"text-editor.default\">\n\t\t\t\t<div class=\"elementor-widget-container\">\n\t\t\t\t\t\t\t\t\tMejora el aislamiento t\u00e9rmico y ac\u00fastico de tu casa con nuestro servicio profesional de instalaci\u00f3n de pladur. Optimizamos el uso de calefacci\u00f3n y aire acondicionado, para que tu hogar sea m\u00e1s eficiente y acogedor.\n\nMejora el aislamiento t\u00e9rmico y ac\u00fastico de tu casa con nuestro servicio profesional de instalaci\u00f3n de pladur. Optimizamos el uso de calefacci\u00f3n y aire acondicionado, para que tu hogar sea m\u00e1s eficiente y acogedor.\n\n\t\t\t\t\t\t\t\t<\/div>\n\t\t\t\t<\/div>\n\t\t\t\t<\/div>\n\t\t\t\t\t<\/div>\n\t\t\t\t<\/div>\n\t\t<div class=\"elementor-element elementor-element-2a8f56c e-flex e-con-boxed e-con e-parent\" data-id=\"2a8f56c\" data-element_type=\"container\">\n\t\t\t\t\t<div class=\"e-con-inner\">\n\t\t<div class=\"elementor-element elementor-element-f455d3a e-con-full e-flex e-con e-child\" data-id=\"f455d3a\" data-element_type=\"container\" data-settings=\"{&quot;background_background&quot;:&quot;classic&quot;}\">\n\t\t\t\t<div class=\"elementor-element elementor-element-e563527 elementor-widget elementor-widget-heading\" data-id=\"e563527\" data-element_type=\"widget\" data-widget_type=\"heading.default\">\n\t\t\t\t<div class=\"elementor-widget-container\">\n\t\t\t\t\t<h2 class=\"elementor-heading-title elementor-size-default\">Sistemas de aerotermia<\/h2>\t\t\t\t<\/div>\n\t\t\t\t<\/div>\n\t\t\t\t<div class=\"elementor-element elementor-element-f72a13c elementor-widget elementor-widget-text-editor\" data-id=\"f72a13c\" data-element_type=\"widget\" data-widget_type=\"text-editor.default\">\n\t\t\t\t<div class=\"elementor-widget-container\">\n\t\t\t\t\t\t\t\t\t<p>Te ayudamos a implementar la aerotermia, una tecnolog\u00eda que utiliza la energ\u00eda del aire para calentar y enfriar tu hogar de manera sostenible y econ\u00f3mica. Ahorra en tus facturas mientras cuidas el planeta.<\/p>\t\t\t\t\t\t\t\t<\/div>\n\t\t\t\t<\/div>\n\t\t\t\t<\/div>\n\t\t<div class=\"elementor-element elementor-element-451c40a e-con-full e-flex e-con e-child\" data-id=\"451c40a\" data-element_type=\"container\" data-settings=\"{&quot;background_background&quot;:&quot;classic&quot;}\">\n\t\t\t\t<div class=\"elementor-element elementor-element-c86f8af elementor-widget elementor-widget-heading\" data-id=\"c86f8af\" data-element_type=\"widget\" data-widget_type=\"heading.default\">\n\t\t\t\t<div class=\"elementor-widget-container\">\n\t\t\t\t\t<h2 class=\"elementor-heading-title elementor-size-default\">Instalaci\u00f3n de luces LED<\/h2>\t\t\t\t<\/div>\n\t\t\t\t<\/div>\n\t\t\t\t<div class=\"elementor-element elementor-element-3a3fc16 elementor-widget elementor-widget-text-editor\" data-id=\"3a3fc16\" data-element_type=\"widget\" data-widget_type=\"text-editor.default\">\n\t\t\t\t<div class=\"elementor-widget-container\">\n\t\t\t\t\t\t\t\t\tCambia tus bombillas tradicionales por luces LED de \u00faltima generaci\u00f3n, que consumen menos energ\u00eda y duran m\u00e1s tiempo. Ilumina tu hogar de forma eficiente y reduce costos a largo plazo.\n\n\t\t\t\t\t\t\t\t<\/div>\n\t\t\t\t<\/div>\n\t\t\t\t<\/div>\n\t\t\t\t\t<\/div>\n\t\t\t\t<\/div>\n\t\t<div class=\"elementor-element elementor-element-83bd2d9 e-con-full e-flex e-con e-parent\" data-id=\"83bd2d9\" data-element_type=\"container\">\n\t\t\t\t<div class=\"elementor-element elementor-element-5322c9fc elementor-widget elementor-widget-gallery\" data-id=\"5322c9fc\" data-element_type=\"widget\" data-settings=\"{&quot;columns&quot;:2,&quot;gap&quot;:{&quot;unit&quot;:&quot;px&quot;,&quot;size&quot;:14,&quot;sizes&quot;:[]},&quot;lazyload&quot;:&quot;yes&quot;,&quot;gallery_layout&quot;:&quot;grid&quot;,&quot;columns_tablet&quot;:2,&quot;columns_mobile&quot;:1,&quot;gap_tablet&quot;:{&quot;unit&quot;:&quot;px&quot;,&quot;size&quot;:10,&quot;sizes&quot;:[]},&quot;gap_mobile&quot;:{&quot;unit&quot;:&quot;px&quot;,&quot;size&quot;:10,&quot;sizes&quot;:[]},&quot;link_to&quot;:&quot;file&quot;,&quot;aspect_ratio&quot;:&quot;3:2&quot;,&quot;overlay_background&quot;:&quot;yes&quot;,&quot;content_hover_animation&quot;:&quot;fade-in&quot;}\" data-widget_type=\"gallery.default\">\n\t\t\t\t<div class=\"elementor-widget-container\">\n\t\t\t\t\t\t\t<div class=\"elementor-gallery__container\">\n\t\t\t\t\t\t\t<a class=\"e-gallery-item elementor-gallery-item elementor-animated-content\" href=\"https:\/\/revalorizatuvivienda.com\/wp-content\/uploads\/2024\/09\/1.png\" data-elementor-open-lightbox=\"yes\" data-elementor-lightbox-slideshow=\"5322c9fc\" data-elementor-lightbox-title=\"1\" data-e-action-hash=\"#elementor-action%3Aaction%3Dlightbox%26settings%3DeyJpZCI6NTQ1LCJ1cmwiOiJodHRwczpcL1wvcmV2YWxvcml6YXR1dml2aWVuZGEuY29tXC93cC1jb250ZW50XC91cGxvYWRzXC8yMDI0XC8wOVwvMS5wbmciLCJzbGlkZXNob3ciOiI1MzIyYzlmYyJ9\">\n\t\t\t\t\t<div class=\"e-gallery-image elementor-gallery-item__image\" data-thumbnail=\"https:\/\/revalorizatuvivienda.com\/wp-content\/uploads\/2024\/09\/1-300x180.png\" data-width=\"300\" data-height=\"180\" aria-label=\"\" role=\"img\" ><\/div>\n\t\t\t\t\t\t\t\t\t\t\t<div class=\"elementor-gallery-item__overlay\"><\/div>\n\t\t\t\t\t\t\t\t\t\t\t\t\t\t<\/a>\n\t\t\t\t\t\t\t<a class=\"e-gallery-item elementor-gallery-item elementor-animated-content\" href=\"https:\/\/revalorizatuvivienda.com\/wp-content\/uploads\/2024\/09\/2.png\" data-elementor-open-lightbox=\"yes\" data-elementor-lightbox-slideshow=\"5322c9fc\" data-elementor-lightbox-title=\"2\" data-e-action-hash=\"#elementor-action%3Aaction%3Dlightbox%26settings%3DeyJpZCI6NTQ2LCJ1cmwiOiJodHRwczpcL1wvcmV2YWxvcml6YXR1dml2aWVuZGEuY29tXC93cC1jb250ZW50XC91cGxvYWRzXC8yMDI0XC8wOVwvMi5wbmciLCJzbGlkZXNob3ciOiI1MzIyYzlmYyJ9\">\n\t\t\t\t\t<div class=\"e-gallery-image elementor-gallery-item__image\" data-thumbnail=\"https:\/\/revalorizatuvivienda.com\/wp-content\/uploads\/2024\/09\/2-300x180.png\" data-width=\"300\" data-height=\"180\" aria-label=\"\" role=\"img\" ><\/div>\n\t\t\t\t\t\t\t\t\t\t\t<div class=\"elementor-gallery-item__overlay\"><\/div>\n\t\t\t\t\t\t\t\t\t\t\t\t\t\t<\/a>\n\t\t\t\t\t\t\t<a class=\"e-gallery-item elementor-gallery-item elementor-animated-content\" href=\"https:\/\/revalorizatuvivienda.com\/wp-content\/uploads\/2024\/09\/3.png\" data-elementor-open-lightbox=\"yes\" data-elementor-lightbox-slideshow=\"5322c9fc\" data-elementor-lightbox-title=\"3\" data-e-action-hash=\"#elementor-action%3Aaction%3Dlightbox%26settings%3DeyJpZCI6NTQ3LCJ1cmwiOiJodHRwczpcL1wvcmV2YWxvcml6YXR1dml2aWVuZGEuY29tXC93cC1jb250ZW50XC91cGxvYWRzXC8yMDI0XC8wOVwvMy5wbmciLCJzbGlkZXNob3ciOiI1MzIyYzlmYyJ9\">\n\t\t\t\t\t<div class=\"e-gallery-image elementor-gallery-item__image\" data-thumbnail=\"https:\/\/revalorizatuvivienda.com\/wp-content\/uploads\/2024\/09\/3-300x180.png\" data-width=\"300\" data-height=\"180\" aria-label=\"\" role=\"img\" ><\/div>\n\t\t\t\t\t\t\t\t\t\t\t<div class=\"elementor-gallery-item__overlay\"><\/div>\n\t\t\t\t\t\t\t\t\t\t\t\t\t\t<\/a>\n\t\t\t\t\t\t\t<a class=\"e-gallery-item elementor-gallery-item elementor-animated-content\" href=\"https:\/\/revalorizatuvivienda.com\/wp-content\/uploads\/2024\/09\/4.png\" data-elementor-open-lightbox=\"yes\" data-elementor-lightbox-slideshow=\"5322c9fc\" data-elementor-lightbox-title=\"4\" data-e-action-hash=\"#elementor-action%3Aaction%3Dlightbox%26settings%3DeyJpZCI6NTQ4LCJ1cmwiOiJodHRwczpcL1wvcmV2YWxvcml6YXR1dml2aWVuZGEuY29tXC93cC1jb250ZW50XC91cGxvYWRzXC8yMDI0XC8wOVwvNC5wbmciLCJzbGlkZXNob3ciOiI1MzIyYzlmYyJ9\">\n\t\t\t\t\t<div class=\"e-gallery-image elementor-gallery-item__image\" data-thumbnail=\"https:\/\/revalorizatuvivienda.com\/wp-content\/uploads\/2024\/09\/4-300x180.png\" data-width=\"300\" data-height=\"180\" aria-label=\"\" role=\"img\" ><\/div>\n\t\t\t\t\t\t\t\t\t\t\t<div class=\"elementor-gallery-item__overlay\"><\/div>\n\t\t\t\t\t\t\t\t\t\t\t\t\t\t<\/a>\n\t\t\t\t\t\t\t<a class=\"e-gallery-item elementor-gallery-item elementor-animated-content\" href=\"https:\/\/revalorizatuvivienda.com\/wp-content\/uploads\/2024\/09\/5.png\" data-elementor-open-lightbox=\"yes\" data-elementor-lightbox-slideshow=\"5322c9fc\" data-elementor-lightbox-title=\"5\" data-e-action-hash=\"#elementor-action%3Aaction%3Dlightbox%26settings%3DeyJpZCI6NTQ5LCJ1cmwiOiJodHRwczpcL1wvcmV2YWxvcml6YXR1dml2aWVuZGEuY29tXC93cC1jb250ZW50XC91cGxvYWRzXC8yMDI0XC8wOVwvNS5wbmciLCJzbGlkZXNob3ciOiI1MzIyYzlmYyJ9\">\n\t\t\t\t\t<div class=\"e-gallery-image elementor-gallery-item__image\" data-thumbnail=\"https:\/\/revalorizatuvivienda.com\/wp-content\/uploads\/2024\/09\/5-300x180.png\" data-width=\"300\" data-height=\"180\" aria-label=\"\" role=\"img\" ><\/div>\n\t\t\t\t\t\t\t\t\t\t\t<div class=\"elementor-gallery-item__overlay\"><\/div>\n\t\t\t\t\t\t\t\t\t\t\t\t\t\t<\/a>\n\t\t\t\t\t\t\t<a class=\"e-gallery-item elementor-gallery-item elementor-animated-content\" href=\"https:\/\/revalorizatuvivienda.com\/wp-content\/uploads\/2024\/09\/6.png\" data-elementor-open-lightbox=\"yes\" data-elementor-lightbox-slideshow=\"5322c9fc\" data-elementor-lightbox-title=\"6\" data-e-action-hash=\"#elementor-action%3Aaction%3Dlightbox%26settings%3DeyJpZCI6NTUwLCJ1cmwiOiJodHRwczpcL1wvcmV2YWxvcml6YXR1dml2aWVuZGEuY29tXC93cC1jb250ZW50XC91cGxvYWRzXC8yMDI0XC8wOVwvNi5wbmciLCJzbGlkZXNob3ciOiI1MzIyYzlmYyJ9\">\n\t\t\t\t\t<div class=\"e-gallery-image elementor-gallery-item__image\" data-thumbnail=\"https:\/\/revalorizatuvivienda.com\/wp-content\/uploads\/2024\/09\/6-300x180.png\" data-width=\"300\" data-height=\"180\" aria-label=\"\" role=\"img\" ><\/div>\n\t\t\t\t\t\t\t\t\t\t\t<div class=\"elementor-gallery-item__overlay\"><\/div>\n\t\t\t\t\t\t\t\t\t\t\t\t\t\t<\/a>\n\t\t\t\t\t<\/div>\n\t\t\t\t\t<\/div>\n\t\t\t\t<\/div>\n\t\t\t\t<\/div>\n\t\t<div class=\"elementor-element elementor-element-06c7279 e-flex e-con-boxed e-con e-parent\" data-id=\"06c7279\" data-element_type=\"container\">\n\t\t\t\t\t<div class=\"e-con-inner\">\n\t\t\t\t<div class=\"elementor-element elementor-element-daf2f52 elementor-cta--layout-image-left elementor-cta--skin-classic elementor-animated-content elementor-bg-transform elementor-bg-transform-zoom-in elementor-widget elementor-widget-call-to-action\" data-id=\"daf2f52\" data-element_type=\"widget\" data-widget_type=\"call-to-action.default\">\n\t\t\t\t<div class=\"elementor-widget-container\">\n\t\t\t\t\t\t\t<div class=\"elementor-cta\">\n\t\t\t\t\t<div class=\"elementor-cta__bg-wrapper\">\n\t\t\t\t<div class=\"elementor-cta__bg elementor-bg\" style=\"background-image: url(https:\/\/revalorizatuvivienda.com\/wp-content\/uploads\/2024\/09\/eficiencia-energetica-eseficiencia-20240404-1731-1024x585-1.png);\" role=\"img\" aria-label=\"eficiencia-energetica-eseficiencia-20240404-1731-1024x585\"><\/div>\n\t\t\t\t<div class=\"elementor-cta__bg-overlay\"><\/div>\n\t\t\t<\/div>\n\t\t\t\t\t\t\t<div class=\"elementor-cta__content\">\n\t\t\t\t\n\t\t\t\t\t\t\t\t\t<h2 class=\"elementor-cta__title elementor-cta__content-item elementor-content-item\">\n\t\t\t\t\t\t\u00bfEmpezamos con tu proyecto?\t\t\t\t\t<\/h2>\n\t\t\t\t\n\t\t\t\t\t\t\t\t\t<div class=\"elementor-cta__description elementor-cta__content-item elementor-content-item\">\n\t\t\t\t\t\tSin compromiso, ll\u00e1manos y pide m\u00e1s informaci\u00f3n. Estamos aqu\u00ed para asesorarte en todo lo que necesites, desde peque\u00f1os proyectos hasta grandes renovaciones.\n\nY si vives en una CASA de PUEBLO, ADOSADO o CHALET, puedes instalarte GEOTERMIA...Con la que dejas de consumir gas o electricidad para CLIMATIZAR tu vivienda...porque el fr\u00edo o el calor de tu hogar, te lo proporciona la inagotable energ\u00eda de la tierra...muy f\u00e1cil de instalar, gran ahorro en luz y gas; obra subvencionada por Europa y adem\u00e1s tendr\u00e1s una deducci\u00f3n de hasta 4.000\u20ac en la Renta del a\u00f1o en que hagas esta gran mejora en tu hogar.\t\t\t\t\t<\/div>\n\t\t\t\t\n\t\t\t\t\t\t\t\t\t<div class=\"elementor-cta__button-wrapper elementor-cta__content-item elementor-content-item \">\n\t\t\t\t\t<a class=\"elementor-cta__button elementor-button elementor-size-\" href=\"https:\/\/revalorizatuvivienda.com\/index.php\/contacto\/\">\n\t\t\t\t\t\tCont\u00e1ctanos\t\t\t\t\t<\/a>\n\t\t\t\t\t<\/div>\n\t\t\t\t\t\t\t<\/div>\n\t\t\t\t\t\t<\/div>\n\t\t\t\t\t\t<\/div>\n\t\t\t\t<\/div>\n\t\t\t\t\t<\/div>\n\t\t\t\t<\/div>\n\t\t<div class=\"elementor-element elementor-element-e660c5f e-flex e-con-boxed e-con e-parent\" data-id=\"e660c5f\" data-element_type=\"container\">\n\t\t\t\t\t<div class=\"e-con-inner\">\n\t\t\t\t<div class=\"elementor-element elementor-element-e707e42 elementor-widget elementor-widget-heading\" data-id=\"e707e42\" data-element_type=\"widget\" data-widget_type=\"heading.default\">\n\t\t\t\t<div class=\"elementor-widget-container\">\n\t\t\t\t\t<h2 class=\"elementor-heading-title elementor-size-default\">Casos de \u00e9xito<\/h2>\t\t\t\t<\/div>\n\t\t\t\t<\/div>\n\t\t\t\t<div class=\"elementor-element elementor-element-732ed60 elementor-widget elementor-widget-gallery\" data-id=\"732ed60\" data-element_type=\"widget\" data-settings=\"{&quot;lazyload&quot;:&quot;yes&quot;,&quot;gallery_layout&quot;:&quot;grid&quot;,&quot;columns&quot;:4,&quot;columns_tablet&quot;:2,&quot;columns_mobile&quot;:1,&quot;gap&quot;:{&quot;unit&quot;:&quot;px&quot;,&quot;size&quot;:10,&quot;sizes&quot;:[]},&quot;gap_tablet&quot;:{&quot;unit&quot;:&quot;px&quot;,&quot;size&quot;:10,&quot;sizes&quot;:[]},&quot;gap_mobile&quot;:{&quot;unit&quot;:&quot;px&quot;,&quot;size&quot;:10,&quot;sizes&quot;:[]},&quot;link_to&quot;:&quot;file&quot;,&quot;aspect_ratio&quot;:&quot;3:2&quot;,&quot;overlay_background&quot;:&quot;yes&quot;,&quot;content_hover_animation&quot;:&quot;fade-in&quot;}\" data-widget_type=\"gallery.default\">\n\t\t\t\t<div class=\"elementor-widget-container\">\n\t\t\t\t\t\t\t<div class=\"elementor-gallery__container\">\n\t\t\t\t\t\t\t<a class=\"e-gallery-item elementor-gallery-item elementor-animated-content\" href=\"https:\/\/revalorizatuvivienda.com\/wp-content\/uploads\/2024\/09\/Antes-y-despues-4.jpg\" data-elementor-open-lightbox=\"yes\" data-elementor-lightbox-slideshow=\"732ed60\" data-elementor-lightbox-title=\"Antes y despue\u0301s 4\" data-e-action-hash=\"#elementor-action%3Aaction%3Dlightbox%26settings%3DeyJpZCI6NTY5LCJ1cmwiOiJodHRwczpcL1wvcmV2YWxvcml6YXR1dml2aWVuZGEuY29tXC93cC1jb250ZW50XC91cGxvYWRzXC8yMDI0XC8wOVwvQW50ZXMteS1kZXNwdWVzLTQuanBnIiwic2xpZGVzaG93IjoiNzMyZWQ2MCJ9\">\n\t\t\t\t\t<div class=\"e-gallery-image elementor-gallery-item__image\" data-thumbnail=\"https:\/\/revalorizatuvivienda.com\/wp-content\/uploads\/2024\/09\/Antes-y-despues-4-300x217.jpg\" data-width=\"300\" data-height=\"217\" aria-label=\"\" role=\"img\" ><\/div>\n\t\t\t\t\t\t\t\t\t\t\t<div class=\"elementor-gallery-item__overlay\"><\/div>\n\t\t\t\t\t\t\t\t\t\t\t\t\t\t<\/a>\n\t\t\t\t\t\t\t<a class=\"e-gallery-item elementor-gallery-item elementor-animated-content\" href=\"https:\/\/revalorizatuvivienda.com\/wp-content\/uploads\/2024\/09\/Antes-y-despues-3.jpg\" data-elementor-open-lightbox=\"yes\" data-elementor-lightbox-slideshow=\"732ed60\" data-elementor-lightbox-title=\"Antes y despue\u0301s 3\" data-e-action-hash=\"#elementor-action%3Aaction%3Dlightbox%26settings%3DeyJpZCI6NTY4LCJ1cmwiOiJodHRwczpcL1wvcmV2YWxvcml6YXR1dml2aWVuZGEuY29tXC93cC1jb250ZW50XC91cGxvYWRzXC8yMDI0XC8wOVwvQW50ZXMteS1kZXNwdWVzLTMuanBnIiwic2xpZGVzaG93IjoiNzMyZWQ2MCJ9\">\n\t\t\t\t\t<div class=\"e-gallery-image elementor-gallery-item__image\" data-thumbnail=\"https:\/\/revalorizatuvivienda.com\/wp-content\/uploads\/2024\/09\/Antes-y-despues-3-300x118.jpg\" data-width=\"300\" data-height=\"118\" aria-label=\"\" role=\"img\" ><\/div>\n\t\t\t\t\t\t\t\t\t\t\t<div class=\"elementor-gallery-item__overlay\"><\/div>\n\t\t\t\t\t\t\t\t\t\t\t\t\t\t<\/a>\n\t\t\t\t\t\t\t<a class=\"e-gallery-item elementor-gallery-item elementor-animated-content\" href=\"https:\/\/revalorizatuvivienda.com\/wp-content\/uploads\/2024\/09\/Antes-y-despues-2.jpg\" data-elementor-open-lightbox=\"yes\" data-elementor-lightbox-slideshow=\"732ed60\" data-elementor-lightbox-title=\"Antes y despue\u0301s 2\" data-e-action-hash=\"#elementor-action%3Aaction%3Dlightbox%26settings%3DeyJpZCI6NTY3LCJ1cmwiOiJodHRwczpcL1wvcmV2YWxvcml6YXR1dml2aWVuZGEuY29tXC93cC1jb250ZW50XC91cGxvYWRzXC8yMDI0XC8wOVwvQW50ZXMteS1kZXNwdWVzLTIuanBnIiwic2xpZGVzaG93IjoiNzMyZWQ2MCJ9\">\n\t\t\t\t\t<div class=\"e-gallery-image elementor-gallery-item__image\" data-thumbnail=\"https:\/\/revalorizatuvivienda.com\/wp-content\/uploads\/2024\/09\/Antes-y-despues-2-300x102.jpg\" data-width=\"300\" data-height=\"102\" aria-label=\"\" role=\"img\" ><\/div>\n\t\t\t\t\t\t\t\t\t\t\t<div class=\"elementor-gallery-item__overlay\"><\/div>\n\t\t\t\t\t\t\t\t\t\t\t\t\t\t<\/a>\n\t\t\t\t\t\t\t<a class=\"e-gallery-item elementor-gallery-item elementor-animated-content\" href=\"https:\/\/revalorizatuvivienda.com\/wp-content\/uploads\/2024\/09\/Antes-y-despues-1.jpg\" data-elementor-open-lightbox=\"yes\" data-elementor-lightbox-slideshow=\"732ed60\" data-elementor-lightbox-title=\"Antes y despue\u0301s 1\" data-e-action-hash=\"#elementor-action%3Aaction%3Dlightbox%26settings%3DeyJpZCI6NTY2LCJ1cmwiOiJodHRwczpcL1wvcmV2YWxvcml6YXR1dml2aWVuZGEuY29tXC93cC1jb250ZW50XC91cGxvYWRzXC8yMDI0XC8wOVwvQW50ZXMteS1kZXNwdWVzLTEuanBnIiwic2xpZGVzaG93IjoiNzMyZWQ2MCJ9\">\n\t\t\t\t\t<div class=\"e-gallery-image elementor-gallery-item__image\" data-thumbnail=\"https:\/\/revalorizatuvivienda.com\/wp-content\/uploads\/2024\/09\/Antes-y-despues-1-300x157.jpg\" data-width=\"300\" data-height=\"157\" aria-label=\"\" role=\"img\" ><\/div>\n\t\t\t\t\t\t\t\t\t\t\t<div class=\"elementor-gallery-item__overlay\"><\/div>\n\t\t\t\t\t\t\t\t\t\t\t\t\t\t<\/a>\n\t\t\t\t\t<\/div>\n\t\t\t\t\t<\/div>\n\t\t\t\t<\/div>\n\t\t\t\t<div class=\"elementor-element elementor-element-1d4490c elementor-widget elementor-widget-spacer\" data-id=\"1d4490c\" data-element_type=\"widget\" data-widget_type=\"spacer.default\">\n\t\t\t\t<div class=\"elementor-widget-container\">\n\t\t\t\t\t\t\t<div class=\"elementor-spacer\">\n\t\t\t<div class=\"elementor-spacer-inner\"><\/div>\n\t\t<\/div>\n\t\t\t\t\t\t<\/div>\n\t\t\t\t<\/div>\n\t\t\t\t\t<\/div>\n\t\t\t\t<\/div>\n\t\t\t\t<\/div>\n\t\t","protected":false},"excerpt":{"rendered":"<p>Productos \u00bfNo sabes por d\u00f3nde empezar? Descubre nuestra gama de productos y dale vida a tus proyectos. Instalaci\u00f3n de ventanas de alta eficiencia Mant\u00e9n la temperatura ideal en tu hogar durante todo el a\u00f1o con nuestras ventanas de doble o triple acristalamiento. Ahorra energ\u00eda y disfruta de un ambiente m\u00e1s confortable. Montaje de pladur aislante [&hellip;]<\/p>\n","protected":false},"author":1,"featured_media":0,"parent":0,"menu_order":0,"comment_status":"closed","ping_status":"closed","template":"elementor_header_footer","meta":{"footnotes":""},"class_list":["post-524","page","type-page","status-publish","hentry"],"_links":{"self":[{"href":"https:\/\/revalorizatuvivienda.com\/index.php\/wp-json\/wp\/v2\/pages\/524","targetHints":{"allow":["GET"]}}],"collection":[{"href":"https:\/\/revalorizatuvivienda.com\/index.php\/wp-json\/wp\/v2\/pages"}],"about":[{"href":"https:\/\/revalorizatuvivienda.com\/index.php\/wp-json\/wp\/v2\/types\/page"}],"author":[{"embeddable":true,"href":"https:\/\/revalorizatuvivienda.com\/index.php\/wp-json\/wp\/v2\/users\/1"}],"replies":[{"embeddable":true,"href":"https:\/\/revalorizatuvivienda.com\/index.php\/wp-json\/wp\/v2\/comments?post=524"}],"version-history":[{"count":43,"href":"https:\/\/revalorizatuvivienda.com\/index.php\/wp-json\/wp\/v2\/pages\/524\/revisions"}],"predecessor-version":[{"id":628,"href":"https:\/\/revalorizatuvivienda.com\/index.php\/wp-json\/wp\/v2\/pages\/524\/revisions\/628"}],"wp:attachment":[{"href":"https:\/\/revalorizatuvivienda.com\/index.php\/wp-json\/wp\/v2\/media?parent=524"}],"curies":[{"name":"wp","href":"https:\/\/api.w.org\/{rel}","templated":true}]}}